{"id":186,"date":"2013-03-18T11:47:14","date_gmt":"2013-03-18T11:47:14","guid":{"rendered":"http:\/\/claassen-partner.de\/wordpress\/?page_id=186"},"modified":"2020-03-12T10:51:29","modified_gmt":"2020-03-12T10:51:29","slug":"about","status":"publish","type":"page","link":"https:\/\/claassen-partner.de\/","title":{"rendered":"\u00dcBER UNS"},"content":{"rendered":"<h1><span style=\"color: #00ff00;\">SEIT 2005 VERBINDEN CLAASSEN &amp; PARTNER IN IHRER ARBEIT ELEMENTE AUS VERSCHIEDENEN KONTEXTEN UND KOMBINIERT SIE DANN AUF NEUE WEISE. HIER LIEGT DIE ZENTRALE ROLLE DES DESIGNPROZESSES: DAS EXPERIMENTIEREN MIT NEUEN MATERIALIEN, DIE PRAKTISCHE ERFORSCHUNG NEUER KONSTELLATIONEN, DAS SPIEL MIT DER SPRACHE DER FORMEN.\u00a0<\/span><\/h1>\n<h1><span style=\"color: #00ff00;\">AUF DIESE WEISE MANIFESTIEREN SICH NEUE KOMBINATIONEN, DIE SICH EINERSEITS AUF DEN ENTWURFSPROZESS BEZIEHEN, UND F\u00dcHREN ANDERERSEITS DIE ANGEBLICHE KONGRUENZ VON FORM UND FUNKTION AD ABSURDUM UNTERGRABEN ODER HINTERFRAGEN SIE.\u00a0<\/span><\/h1>\n<h1><span style=\"color: #00ff00;\">FORM UND THEMATISCHE BEZ\u00dcGE WERDEN AUFGEGRIFFEN, DEKONSTRUIERT UND IN EINER NEUEN KONSTELLATION IN DEN KULTURZYKLUS ZUR\u00dcCKGEF\u00dcHRT. MATERIALIEN, DIE BEREITS IHREN ZWECK ERF\u00dcLLT HABEN, WERDEN RECYCELT UND EINER NEUEN MISSION ZUGEWIESEN. DIE ANFORDERUNG BLEIBT HIER JEDERZEIT BESTEHEN: KONSISTENTES, GERADLINIGES DESIGN, DAS AUF DAS WESENTLICHE REDUZIERT WIRD.<\/span><\/h1>\n<h1><span style=\"color: #00ff00;\">WIR VERSTEHEN UNS ALS TEAM ZUR UMSETZUNG VON DESIGNSTRATEGIEN. DIES GILT GLEICHERMASSEN F\u00dcR KOMPLEXE, VON DER INDUSTRIE HERGESTELLTE KONSTRUKTIONSAUFGABEN SOWIE F\u00dcR KLEINSERIEN- UND SONDERANFERTIGUNGEN, BEI DENEN IN ZUSAMMENARBEIT MIT PARTNERN AUS INDUSTRIE UND HANDEL SOGAR NEUE PRODUKTIONSVERFAHREN ENTWICKELT WERDEN K\u00d6NNEN. WIR KONZENTRIEREN UNSERE AUFMERKSAMKEIT AUF ALTE HANDWERKSKUNST UND TRADITION UND KOMBINIEREN SIE MIT DIGITALEN PRODUKTIONSMETHODEN WIE DEM 3D-DRUCK, UM EINEN NEUEN ZEITGEN\u00d6SSISCHEN STIL ZU SCHAFFEN, INDEM WIR DEN SCHNITTPUNKT DIESER WELTEN BETRACHTEN.\u00a0<\/span><\/h1>\n<h1><span style=\"color: #00ff00;\">CLAASSEN &amp; PARTNER IST EIN DESIGN STUDIO DAS ALLE ASPEKTE EINES PROJEKTS BEARBEITEN KANN \u2013 VOM ANFANG\u00a0 BIS ZUM ERGEBNIS UND DAR\u00dcBER HINAUS AUCH DIE THEMATIK DER NACHHALTIGKEIT BER\u00dcCKSICHTIGT.\u00a0<\/span><\/h1>\n","protected":false},"excerpt":{"rendered":"<p>SEIT 2005 VERBINDEN CLAASSEN &amp; PARTNER IN IHRER ARBEIT ELEMENTE AUS VERSCHIEDENEN KONTEXTEN UND KOMBINIERT SIE DANN AUF NEUE WEISE. HIER LIEGT DIE ZENTRALE ROLLE DES DESIGNPROZESSES: DAS EXPERIMENTIEREN MIT NEUEN MATERIALIEN, DIE PRAKTISCHE ERFORSCHUNG NEUER KONSTELLATIONEN, DAS SPIEL MIT DER SPRACHE DER FORMEN.\u00a0 AUF DIESE WEISE MANIFESTIEREN SICH NEUE KOMBINATIONEN, DIE SICH EINERSEITS AUF <a href=\"https:\/\/claassen-partner.de\/#more-'\" class=\"more-link\">more \u00bb<\/a><\/p>\n","protected":false},"author":2,"featured_media":0,"parent":0,"menu_order":0,"comment_status":"closed","ping_status":"closed","template":"","meta":{"footnotes":""},"class_list":["post-186","page","type-page","status-publish","hentry"],"_links":{"self":[{"href":"https:\/\/claassen-partner.de\/index.php?rest_route=\/wp\/v2\/pages\/186"}],"collection":[{"href":"https:\/\/claassen-partner.de\/index.php?rest_route=\/wp\/v2\/pages"}],"about":[{"href":"https:\/\/claassen-partner.de\/index.php?rest_route=\/wp\/v2\/types\/page"}],"author":[{"embeddable":true,"href":"https:\/\/claassen-partner.de\/index.php?rest_route=\/wp\/v2\/users\/2"}],"replies":[{"embeddable":true,"href":"https:\/\/claassen-partner.de\/index.php?rest_route=%2Fwp%2Fv2%2Fcomments&post=186"}],"version-history":[{"count":22,"href":"https:\/\/claassen-partner.de\/index.php?rest_route=\/wp\/v2\/pages\/186\/revisions"}],"predecessor-version":[{"id":1460,"href":"https:\/\/claassen-partner.de\/index.php?rest_route=\/wp\/v2\/pages\/186\/revisions\/1460"}],"wp:attachment":[{"href":"https:\/\/claassen-partner.de\/index.php?rest_route=%2Fwp%2Fv2%2Fmedia&parent=186"}],"curies":[{"name":"wp","href":"https:\/\/api.w.org\/{rel}","templated":true}]}}